{"id":3673,"date":"2023-12-22T17:03:27","date_gmt":"2023-12-22T09:03:27","guid":{"rendered":"https:\/\/ecopapertube.com\/?post_type=product&#038;p=3673"},"modified":"2023-12-27T17:26:35","modified_gmt":"2023-12-27T09:26:35","slug":"kraft-maling-paper-tube","status":"publish","type":"product","link":"https:\/\/ecopapertube.com\/de\/product\/kraft-maling-paper-tube\/","title":{"rendered":"Kraft Maling Papier Rohr"},"content":{"rendered":"<p>Ganz gleich, ob Sie nach einer M\u00f6glichkeit suchen, spezielle Dokumente, Kunstwerke, Plakate oder gro\u00dfe Dokumente zu versenden, oder ob Sie einen gro\u00dfartigen Aufbewahrungsbeh\u00e4lter ben\u00f6tigen - Versandh\u00fclsen bieten Ihnen eine gro\u00dfartige Option. Sie sind auf Langlebigkeit ausgelegt und k\u00f6nnen auf verschiedene Arten und in unterschiedlichen Gr\u00f6\u00dfen hergestellt werden, um Ihren speziellen Anforderungen gerecht zu werden. In diesen langen Papph\u00fclsen k\u00f6nnen Sie gro\u00dfe Dokumente, die nicht gefaltet werden sollen, aufrollen und versenden oder aufbewahren.<\/p>","protected":false},"excerpt":{"rendered":"<p>Whether you are looking for a way to ship special documents, artwork, posters, or large documents or in need of a great storage container, mailing tubes provide you with a great option. They are designed to last and can be made in various different ways and sizes to meet your specific needs. These long cardboard [&hellip;]<\/p>\n","protected":false},"featured_media":3674,"comment_status":"closed","ping_status":"closed","template":"","meta":{"_acf_changed":false},"product_brand":[],"product_cat":[173],"product_tag":[],"class_list":{"0":"post-3673","1":"product","2":"type-product","3":"status-publish","4":"has-post-thumbnail","6":"product_cat-shipping-packaging","8":"first","9":"instock","10":"shipping-taxable","11":"product-type-simple"},"acf":[],"tiered_pricing_type":"fixed","tiered_pricing_fixed_rules":[],"tiered_pricing_percentage_rules":[],"tiered_pricing_minimum":1,"_administrator_tiered_pricing_type":"fixed","_administrator_tiered_pricing_fixed_rules":[],"_editor_tiered_pricing_type":"fixed","_editor_tiered_pricing_fixed_rules":[],"_author_tiered_pricing_type":"fixed","_author_tiered_pricing_fixed_rules":[],"_contributor_tiered_pricing_type":"fixed","_contributor_tiered_pricing_fixed_rules":[],"_subscriber_tiered_pricing_type":"fixed","_subscriber_tiered_pricing_fixed_rules":[],"_customer_tiered_pricing_type":"fixed","_customer_tiered_pricing_fixed_rules":[],"_shop_manager_tiered_pricing_type":"fixed","_shop_manager_tiered_pricing_fixed_rules":[],"_links":{"self":[{"href":"https:\/\/ecopapertube.com\/de\/wp-json\/wp\/v2\/product\/3673","targetHints":{"allow":["GET"]}}],"collection":[{"href":"https:\/\/ecopapertube.com\/de\/wp-json\/wp\/v2\/product"}],"about":[{"href":"https:\/\/ecopapertube.com\/de\/wp-json\/wp\/v2\/types\/product"}],"replies":[{"embeddable":true,"href":"https:\/\/ecopapertube.com\/de\/wp-json\/wp\/v2\/comments?post=3673"}],"wp:featuredmedia":[{"embeddable":true,"href":"https:\/\/ecopapertube.com\/de\/wp-json\/wp\/v2\/media\/3674"}],"wp:attachment":[{"href":"https:\/\/ecopapertube.com\/de\/wp-json\/wp\/v2\/media?parent=3673"}],"wp:term":[{"taxonomy":"product_brand","embeddable":true,"href":"https:\/\/ecopapertube.com\/de\/wp-json\/wp\/v2\/product_brand?post=3673"},{"taxonomy":"product_cat","embeddable":true,"href":"https:\/\/ecopapertube.com\/de\/wp-json\/wp\/v2\/product_cat?post=3673"},{"taxonomy":"product_tag","embeddable":true,"href":"https:\/\/ecopapertube.com\/de\/wp-json\/wp\/v2\/product_tag?post=3673"}],"curies":[{"name":"wp","href":"https:\/\/api.w.org\/{rel}","templated":true}]}}