{"id":3725,"date":"2023-12-27T22:43:29","date_gmt":"2023-12-27T14:43:29","guid":{"rendered":"https:\/\/ecopapertube.com\/?post_type=product&#038;p=3725"},"modified":"2025-02-14T22:21:39","modified_gmt":"2025-02-14T14:21:39","slug":"15-ml-0-5-ounce-push-up-paper-tube-black","status":"publish","type":"product","link":"https:\/\/ecopapertube.com\/de\/product\/15-ml-05-ounce-push-up-paper-tube-black\/","title":{"rendered":"15 ML \/ 0,5 Unzen Push-Up Papierr\u00f6hre - Schwarz"},"content":{"rendered":"<p>Unsere 15 ML \/ 0,5 Unzen Push-Up-Papiertube ist aus Spanplatte hergestellt, die 100% biologisch abbaubar ist.<\/p>\n<p>Sie k\u00f6nnen hilfreich sein, um umweltbewusste Kunden anzuziehen.<\/p>\n<p>Papierh\u00fclsen haben ein charmantes Aussehen. Und Sie haben 3 verschiedene Farben von Papierh\u00fclsen zur Auswahl, darunter Schwarz, Wei\u00df und Kraft.<\/p>","protected":false},"excerpt":{"rendered":"<p>Unsere 15 ML \/ 0,5 Unzen Push-Up-Papiertube ist aus Spanplatten hergestellt, die 100% biologisch abbaubar sind. Sie k\u00f6nnen hilfreich sein, um umweltbewusste Kunden anzuziehen. Papiertuben haben ein charmantes Aussehen. Und Sie haben 3 verschiedene Farben zur Auswahl, darunter schwarz, wei\u00df und kraft.<\/p>","protected":false},"featured_media":901,"comment_status":"closed","ping_status":"closed","template":"","meta":{"_acf_changed":false},"product_brand":[],"product_cat":[111,101,79],"product_tag":[],"class_list":{"0":"post-3725","1":"product","2":"type-product","3":"status-publish","4":"has-post-thumbnail","6":"product_cat-black-paper-tubes","7":"product_cat-wholesale-paper-lip-balm-tubes","8":"product_cat-wholesale-paper-push-up-tubes","10":"first","11":"instock","12":"shipping-taxable","13":"purchasable","14":"product-type-simple"},"acf":[],"tiered_pricing_type":"fixed","tiered_pricing_fixed_rules":{"100":"1.24","500":"0.99","1000":"0.66"},"tiered_pricing_percentage_rules":[],"tiered_pricing_minimum":1,"_administrator_tiered_pricing_type":"fixed","_administrator_tiered_pricing_fixed_rules":[],"_editor_tiered_pricing_type":"fixed","_editor_tiered_pricing_fixed_rules":[],"_author_tiered_pricing_type":"fixed","_author_tiered_pricing_fixed_rules":[],"_contributor_tiered_pricing_type":"fixed","_contributor_tiered_pricing_fixed_rules":[],"_subscriber_tiered_pricing_type":"fixed","_subscriber_tiered_pricing_fixed_rules":[],"_customer_tiered_pricing_type":"fixed","_customer_tiered_pricing_fixed_rules":[],"_shop_manager_tiered_pricing_type":"fixed","_shop_manager_tiered_pricing_fixed_rules":[],"_links":{"self":[{"href":"https:\/\/ecopapertube.com\/de\/wp-json\/wp\/v2\/product\/3725","targetHints":{"allow":["GET"]}}],"collection":[{"href":"https:\/\/ecopapertube.com\/de\/wp-json\/wp\/v2\/product"}],"about":[{"href":"https:\/\/ecopapertube.com\/de\/wp-json\/wp\/v2\/types\/product"}],"replies":[{"embeddable":true,"href":"https:\/\/ecopapertube.com\/de\/wp-json\/wp\/v2\/comments?post=3725"}],"wp:featuredmedia":[{"embeddable":true,"href":"https:\/\/ecopapertube.com\/de\/wp-json\/wp\/v2\/media\/901"}],"wp:attachment":[{"href":"https:\/\/ecopapertube.com\/de\/wp-json\/wp\/v2\/media?parent=3725"}],"wp:term":[{"taxonomy":"product_brand","embeddable":true,"href":"https:\/\/ecopapertube.com\/de\/wp-json\/wp\/v2\/product_brand?post=3725"},{"taxonomy":"product_cat","embeddable":true,"href":"https:\/\/ecopapertube.com\/de\/wp-json\/wp\/v2\/product_cat?post=3725"},{"taxonomy":"product_tag","embeddable":true,"href":"https:\/\/ecopapertube.com\/de\/wp-json\/wp\/v2\/product_tag?post=3725"}],"curies":[{"name":"wp","href":"https:\/\/api.w.org\/{rel}","templated":true}]}}