{"id":793,"date":"2022-12-30T14:38:32","date_gmt":"2022-12-30T06:38:32","guid":{"rendered":"https:\/\/www.ecopapertube.com\/?post_type=product&#038;p=771"},"modified":"2024-05-13T19:56:58","modified_gmt":"2024-05-13T11:56:58","slug":"1-ounce-29g-push-up-paper-tube-kraft","status":"publish","type":"product","link":"https:\/\/ecopapertube.com\/de\/product\/1-ounce-29g-push-up-paper-tube-kraft\/","title":{"rendered":"1 Unze \/ 29g Push-Up-Papiertube - Kraft"},"content":{"rendered":"<p>Die benutzerfreundlichen 1 Ounce \/ 29g Push-Up Paper Tubes sind mit leicht zu \u00f6ffnenden Verschl\u00fcssen ausgestattet.<\/p>\n<p>Push-up-Papierh\u00fclsen sind im Vergleich zu anderen Wettbewerbern leicht. Dadurch k\u00f6nnen Sie Geld f\u00fcr den Versand sparen.<\/p>\n<p>Das sind definitiv vorteilhafte Ergebnisse f\u00fcr Ihre Marke.<\/p>","protected":false},"excerpt":{"rendered":"<p>Sie sind benutzerfreundlich, 1 Ounce \/ 29g Push-Up Paper Tubes sind mit leicht zu \u00f6ffnenden Kappen ausgestattet. Push-up-Papierh\u00fclsen sind im Vergleich zu anderen Wettbewerbern sehr leicht. Sie k\u00f6nnen Ihnen Geld f\u00fcr den Versand sparen. Sie sind definitiv vorteilhafte Ergebnisse f\u00fcr Ihre Marke.<\/p>","protected":false},"featured_media":892,"comment_status":"closed","ping_status":"closed","template":"","meta":{"_acf_changed":false},"product_brand":[],"product_cat":[102,109,101,79],"product_tag":[],"class_list":{"0":"post-793","1":"product","2":"type-product","3":"status-publish","4":"has-post-thumbnail","6":"product_cat-wholesale-deodorant-tubes","7":"product_cat-kraft-paper-tubes","8":"product_cat-wholesale-paper-lip-balm-tubes","9":"product_cat-wholesale-paper-push-up-tubes","11":"first","12":"instock","13":"shipping-taxable","14":"purchasable","15":"product-type-simple"},"acf":[],"tiered_pricing_type":"fixed","tiered_pricing_fixed_rules":{"100":"1.21","500":"0.97","1000":"0.67"},"tiered_pricing_percentage_rules":[],"tiered_pricing_minimum":1,"_administrator_tiered_pricing_type":"fixed","_administrator_tiered_pricing_fixed_rules":[],"_editor_tiered_pricing_type":"fixed","_editor_tiered_pricing_fixed_rules":[],"_author_tiered_pricing_type":"fixed","_author_tiered_pricing_fixed_rules":[],"_contributor_tiered_pricing_type":"fixed","_contributor_tiered_pricing_fixed_rules":[],"_subscriber_tiered_pricing_type":"fixed","_subscriber_tiered_pricing_fixed_rules":[],"_customer_tiered_pricing_type":"fixed","_customer_tiered_pricing_fixed_rules":[],"_shop_manager_tiered_pricing_type":"fixed","_shop_manager_tiered_pricing_fixed_rules":[],"_links":{"self":[{"href":"https:\/\/ecopapertube.com\/de\/wp-json\/wp\/v2\/product\/793","targetHints":{"allow":["GET"]}}],"collection":[{"href":"https:\/\/ecopapertube.com\/de\/wp-json\/wp\/v2\/product"}],"about":[{"href":"https:\/\/ecopapertube.com\/de\/wp-json\/wp\/v2\/types\/product"}],"replies":[{"embeddable":true,"href":"https:\/\/ecopapertube.com\/de\/wp-json\/wp\/v2\/comments?post=793"}],"wp:featuredmedia":[{"embeddable":true,"href":"https:\/\/ecopapertube.com\/de\/wp-json\/wp\/v2\/media\/892"}],"wp:attachment":[{"href":"https:\/\/ecopapertube.com\/de\/wp-json\/wp\/v2\/media?parent=793"}],"wp:term":[{"taxonomy":"product_brand","embeddable":true,"href":"https:\/\/ecopapertube.com\/de\/wp-json\/wp\/v2\/product_brand?post=793"},{"taxonomy":"product_cat","embeddable":true,"href":"https:\/\/ecopapertube.com\/de\/wp-json\/wp\/v2\/product_cat?post=793"},{"taxonomy":"product_tag","embeddable":true,"href":"https:\/\/ecopapertube.com\/de\/wp-json\/wp\/v2\/product_tag?post=793"}],"curies":[{"name":"wp","href":"https:\/\/api.w.org\/{rel}","templated":true}]}}