{"id":2989,"date":"2023-11-30T16:50:08","date_gmt":"2023-11-30T08:50:08","guid":{"rendered":"https:\/\/ecopapertube.com\/?post_type=product&#038;p=2989"},"modified":"2023-12-10T14:25:11","modified_gmt":"2023-12-10T06:25:11","slug":"custom-luxury-tea-cardboard-tube","status":"publish","type":"product","link":"https:\/\/ecopapertube.com\/es\/product\/custom-luxury-tea-cardboard-tube\/","title":{"rendered":"Tubo de cart\u00f3n para t\u00e9 con impresi\u00f3n personalizada"},"content":{"rendered":"<p>Este envase personalizado de t\u00e9 en tubo de papel es sin duda la opci\u00f3n ideal para los amantes del t\u00e9.<\/p>\n<p>1. El envase de tubo de papel no s\u00f3lo puede proteger la frescura del t\u00e9, sino tambi\u00e9n a\u00f1adir un encanto \u00fanico a sus regalos de t\u00e9.<\/p>\n<p>2. El tubo de papel se puede personalizar. Puede elegir diferentes colores, dise\u00f1os y tipos de letra seg\u00fan sus preferencias para que el envase sea m\u00e1s personalizado.<\/p>\n<p>3. Este envase tubular personalizado puede proporcionar a sus clientes un disfrute incre\u00edble del t\u00e9.<\/p>\n<p>Venga y personalice su propio envase de tubo de papel, \u00a1para que la exquisitez del t\u00e9 y la exquisitez del envase se complementen!<\/p>","protected":false},"excerpt":{"rendered":"<p>This custom tea paper tube packaging is definitely the ideal choice for tea lovers! 1. Paper tube packaging can not only protect the freshness of tea, but also add a unique charm to your tea gifts. 2. The paper tube can be customized! You can choose different colors, patterns and fonts according to your preferences [&hellip;]<\/p>\n","protected":false},"featured_media":2993,"comment_status":"closed","ping_status":"closed","template":"","meta":{"_acf_changed":false},"product_brand":[],"product_cat":[160,170],"product_tag":[],"class_list":{"0":"post-2989","1":"product","2":"type-product","3":"status-publish","4":"has-post-thumbnail","6":"product_cat-custom-paper-tubes","7":"product_cat-food-packaging","9":"first","10":"instock","11":"shipping-taxable","12":"product-type-simple"},"acf":[],"tiered_pricing_type":"fixed","tiered_pricing_fixed_rules":[],"tiered_pricing_percentage_rules":[],"tiered_pricing_minimum":1,"_administrator_tiered_pricing_type":"fixed","_administrator_tiered_pricing_fixed_rules":[],"_editor_tiered_pricing_type":"fixed","_editor_tiered_pricing_fixed_rules":[],"_author_tiered_pricing_type":"fixed","_author_tiered_pricing_fixed_rules":[],"_contributor_tiered_pricing_type":"fixed","_contributor_tiered_pricing_fixed_rules":[],"_subscriber_tiered_pricing_type":"fixed","_subscriber_tiered_pricing_fixed_rules":[],"_customer_tiered_pricing_type":"fixed","_customer_tiered_pricing_fixed_rules":[],"_shop_manager_tiered_pricing_type":"fixed","_shop_manager_tiered_pricing_fixed_rules":[],"_links":{"self":[{"href":"https:\/\/ecopapertube.com\/es\/wp-json\/wp\/v2\/product\/2989","targetHints":{"allow":["GET"]}}],"collection":[{"href":"https:\/\/ecopapertube.com\/es\/wp-json\/wp\/v2\/product"}],"about":[{"href":"https:\/\/ecopapertube.com\/es\/wp-json\/wp\/v2\/types\/product"}],"replies":[{"embeddable":true,"href":"https:\/\/ecopapertube.com\/es\/wp-json\/wp\/v2\/comments?post=2989"}],"wp:featuredmedia":[{"embeddable":true,"href":"https:\/\/ecopapertube.com\/es\/wp-json\/wp\/v2\/media\/2993"}],"wp:attachment":[{"href":"https:\/\/ecopapertube.com\/es\/wp-json\/wp\/v2\/media?parent=2989"}],"wp:term":[{"taxonomy":"product_brand","embeddable":true,"href":"https:\/\/ecopapertube.com\/es\/wp-json\/wp\/v2\/product_brand?post=2989"},{"taxonomy":"product_cat","embeddable":true,"href":"https:\/\/ecopapertube.com\/es\/wp-json\/wp\/v2\/product_cat?post=2989"},{"taxonomy":"product_tag","embeddable":true,"href":"https:\/\/ecopapertube.com\/es\/wp-json\/wp\/v2\/product_tag?post=2989"}],"curies":[{"name":"wp","href":"https:\/\/api.w.org\/{rel}","templated":true}]}}