{"id":796,"date":"2022-12-30T14:40:26","date_gmt":"2022-12-30T06:40:26","guid":{"rendered":"https:\/\/www.ecopapertube.com\/?post_type=product&#038;p=771"},"modified":"2023-12-27T22:51:13","modified_gmt":"2023-12-27T14:51:13","slug":"50-ml-paper-deodorant-tube-kraft","status":"publish","type":"product","link":"https:\/\/ecopapertube.com\/es\/product\/50-ml-paper-deodorant-tube-kraft\/","title":{"rendered":"Tubo desodorante de papel 50 ml - Kraft"},"content":{"rendered":"<p>El Tubo Desodorante de Papel de 50 ml se utiliza habitualmente para conservar b\u00e1lsamos labiales, desodorantes y perfumes s\u00f3lidos.<\/p>\n<p>Es compacta y port\u00e1til, por lo que sus clientes podr\u00e1n llevarla c\u00f3modamente en el bolsillo.<\/p>\n<p>Este tubo de desodorante de papel es f\u00e1cil de manejar. Su parte inferior se puede levantar f\u00e1cilmente con un dedo.<\/p>","protected":false},"excerpt":{"rendered":"<p>El tubo desodorante de papel de 50 ml se utiliza habitualmente para conservar b\u00e1lsamos labiales, desodorantes y perfumes s\u00f3lidos. Es compacto y port\u00e1til, por lo que sus clientes podr\u00e1n llevarlo c\u00f3modamente en el bolsillo. Este tubo de desodorante de papel es f\u00e1cil de manejar. Su parte inferior puede levantarse f\u00e1cilmente con un dedo.<\/p>","protected":false},"featured_media":921,"comment_status":"closed","ping_status":"closed","template":"","meta":{"_acf_changed":false},"product_brand":[],"product_cat":[102,109,79],"product_tag":[],"class_list":{"0":"post-796","1":"product","2":"type-product","3":"status-publish","4":"has-post-thumbnail","6":"product_cat-wholesale-deodorant-tubes","7":"product_cat-kraft-paper-tubes","8":"product_cat-wholesale-paper-push-up-tubes","10":"first","11":"instock","12":"shipping-taxable","13":"purchasable","14":"product-type-variable","15":"has-default-attributes"},"acf":[],"tiered_pricing_type":"fixed","tiered_pricing_fixed_rules":[],"tiered_pricing_percentage_rules":[],"tiered_pricing_minimum":1,"_administrator_tiered_pricing_type":"fixed","_administrator_tiered_pricing_fixed_rules":[],"_editor_tiered_pricing_type":"fixed","_editor_tiered_pricing_fixed_rules":[],"_author_tiered_pricing_type":"fixed","_author_tiered_pricing_fixed_rules":[],"_contributor_tiered_pricing_type":"fixed","_contributor_tiered_pricing_fixed_rules":[],"_subscriber_tiered_pricing_type":"fixed","_subscriber_tiered_pricing_fixed_rules":[],"_customer_tiered_pricing_type":"fixed","_customer_tiered_pricing_fixed_rules":[],"_shop_manager_tiered_pricing_type":"fixed","_shop_manager_tiered_pricing_fixed_rules":[],"_links":{"self":[{"href":"https:\/\/ecopapertube.com\/es\/wp-json\/wp\/v2\/product\/796","targetHints":{"allow":["GET"]}}],"collection":[{"href":"https:\/\/ecopapertube.com\/es\/wp-json\/wp\/v2\/product"}],"about":[{"href":"https:\/\/ecopapertube.com\/es\/wp-json\/wp\/v2\/types\/product"}],"replies":[{"embeddable":true,"href":"https:\/\/ecopapertube.com\/es\/wp-json\/wp\/v2\/comments?post=796"}],"wp:featuredmedia":[{"embeddable":true,"href":"https:\/\/ecopapertube.com\/es\/wp-json\/wp\/v2\/media\/921"}],"wp:attachment":[{"href":"https:\/\/ecopapertube.com\/es\/wp-json\/wp\/v2\/media?parent=796"}],"wp:term":[{"taxonomy":"product_brand","embeddable":true,"href":"https:\/\/ecopapertube.com\/es\/wp-json\/wp\/v2\/product_brand?post=796"},{"taxonomy":"product_cat","embeddable":true,"href":"https:\/\/ecopapertube.com\/es\/wp-json\/wp\/v2\/product_cat?post=796"},{"taxonomy":"product_tag","embeddable":true,"href":"https:\/\/ecopapertube.com\/es\/wp-json\/wp\/v2\/product_tag?post=796"}],"curies":[{"name":"wp","href":"https:\/\/api.w.org\/{rel}","templated":true}]}}