{"id":802,"date":"2022-12-30T14:50:38","date_gmt":"2022-12-30T06:50:38","guid":{"rendered":"https:\/\/www.ecopapertube.com\/?post_type=product&#038;p=771"},"modified":"2024-05-13T20:03:01","modified_gmt":"2024-05-13T12:03:01","slug":"1-ounce-30-g-paper-shaker-jar-kraft","status":"publish","type":"product","link":"https:\/\/ecopapertube.com\/es\/product\/1-ounce-30-g-paper-shaker-jar-kraft\/","title":{"rendered":"Tarro agitador de papel de 30 g - Kraft"},"content":{"rendered":"<p>Estos tarros agitadores de papel de 30 g \/ 1 onza funcionan mejor para envasar alimentos potentes y champ\u00fa seco en comparaci\u00f3n con otros.<\/p>\n<p>Se fabrican con material reciclado, lo que ayuda a establecer una imagen de marca respetuosa con el medio ambiente para su empresa.<\/p>\n<p>La resistente materia prima de cart\u00f3n tambi\u00e9n les permite ofrecer una excelente protecci\u00f3n a los productos de su interior.<\/p>","protected":false},"excerpt":{"rendered":"<p>These 1 ounce \/ 30 g Paper Shaker Jars work better for packaging food power and dry shampoo compared with others. They are manufactured with recycled material, which is helpful to establish an environmentally friendly brand image for your company. The strong cardboard raw material also allows them to provide excellent protection for the products [&hellip;]<\/p>\n","protected":false},"featured_media":937,"comment_status":"closed","ping_status":"closed","template":"","meta":{"_acf_changed":false},"product_brand":[],"product_cat":[86,109],"product_tag":[],"class_list":{"0":"post-802","1":"product","2":"type-product","3":"status-publish","4":"has-post-thumbnail","6":"product_cat-wholesale-paper-shakers","7":"product_cat-kraft-paper-tubes","9":"first","10":"instock","11":"shipping-taxable","12":"purchasable","13":"product-type-simple"},"acf":[],"tiered_pricing_type":"fixed","tiered_pricing_fixed_rules":{"100":"1.45","500":"1.38","1000":"1.01"},"tiered_pricing_percentage_rules":[],"tiered_pricing_minimum":1,"_administrator_tiered_pricing_type":"fixed","_administrator_tiered_pricing_fixed_rules":[],"_editor_tiered_pricing_type":"fixed","_editor_tiered_pricing_fixed_rules":[],"_author_tiered_pricing_type":"fixed","_author_tiered_pricing_fixed_rules":[],"_contributor_tiered_pricing_type":"fixed","_contributor_tiered_pricing_fixed_rules":[],"_subscriber_tiered_pricing_type":"fixed","_subscriber_tiered_pricing_fixed_rules":[],"_customer_tiered_pricing_type":"fixed","_customer_tiered_pricing_fixed_rules":[],"_shop_manager_tiered_pricing_type":"fixed","_shop_manager_tiered_pricing_fixed_rules":[],"_links":{"self":[{"href":"https:\/\/ecopapertube.com\/es\/wp-json\/wp\/v2\/product\/802","targetHints":{"allow":["GET"]}}],"collection":[{"href":"https:\/\/ecopapertube.com\/es\/wp-json\/wp\/v2\/product"}],"about":[{"href":"https:\/\/ecopapertube.com\/es\/wp-json\/wp\/v2\/types\/product"}],"replies":[{"embeddable":true,"href":"https:\/\/ecopapertube.com\/es\/wp-json\/wp\/v2\/comments?post=802"}],"wp:featuredmedia":[{"embeddable":true,"href":"https:\/\/ecopapertube.com\/es\/wp-json\/wp\/v2\/media\/937"}],"wp:attachment":[{"href":"https:\/\/ecopapertube.com\/es\/wp-json\/wp\/v2\/media?parent=802"}],"wp:term":[{"taxonomy":"product_brand","embeddable":true,"href":"https:\/\/ecopapertube.com\/es\/wp-json\/wp\/v2\/product_brand?post=802"},{"taxonomy":"product_cat","embeddable":true,"href":"https:\/\/ecopapertube.com\/es\/wp-json\/wp\/v2\/product_cat?post=802"},{"taxonomy":"product_tag","embeddable":true,"href":"https:\/\/ecopapertube.com\/es\/wp-json\/wp\/v2\/product_tag?post=802"}],"curies":[{"name":"wp","href":"https:\/\/api.w.org\/{rel}","templated":true}]}}