{"id":3667,"date":"2023-12-22T16:40:58","date_gmt":"2023-12-22T08:40:58","guid":{"rendered":"https:\/\/ecopapertube.com\/?post_type=product&#038;p=3667"},"modified":"2023-12-22T16:40:58","modified_gmt":"2023-12-22T08:40:58","slug":"shipping-kraft-paper-tube","status":"publish","type":"product","link":"https:\/\/ecopapertube.com\/fr\/product\/shipping-kraft-paper-tube\/","title":{"rendered":"Tube en papier kraft pour l'exp\u00e9dition"},"content":{"rendered":"<p>Cette collection de tubes en carton poss\u00e8de des qualit\u00e9s protectrices, compostables, d\u00e9gradables et r\u00e9sistantes aux chocs. Nos tubes postaux peuvent \u00eatre personnalis\u00e9s, ce qui vous permet de choisir la bonne taille de tube postal pour l'envoi de vos documents fragiles.<\/p>","protected":false},"excerpt":{"rendered":"<p>Cette collection de tubes en carton poss\u00e8de des qualit\u00e9s protectrices, compostables, d\u00e9gradables et r\u00e9sistantes aux chocs. Nos tubes postaux peuvent \u00eatre personnalis\u00e9s, ce qui vous permet de choisir la bonne taille de tube postal pour l'envoi de vos documents fragiles.<\/p>","protected":false},"featured_media":3668,"comment_status":"closed","ping_status":"closed","template":"","meta":{"_acf_changed":false},"product_brand":[],"product_cat":[173],"product_tag":[],"class_list":{"0":"post-3667","1":"product","2":"type-product","3":"status-publish","4":"has-post-thumbnail","6":"product_cat-shipping-packaging","8":"first","9":"instock","10":"shipping-taxable","11":"product-type-simple"},"acf":[],"tiered_pricing_type":"fixed","tiered_pricing_fixed_rules":[],"tiered_pricing_percentage_rules":[],"tiered_pricing_minimum":1,"_administrator_tiered_pricing_type":"fixed","_administrator_tiered_pricing_fixed_rules":[],"_editor_tiered_pricing_type":"fixed","_editor_tiered_pricing_fixed_rules":[],"_author_tiered_pricing_type":"fixed","_author_tiered_pricing_fixed_rules":[],"_contributor_tiered_pricing_type":"fixed","_contributor_tiered_pricing_fixed_rules":[],"_subscriber_tiered_pricing_type":"fixed","_subscriber_tiered_pricing_fixed_rules":[],"_customer_tiered_pricing_type":"fixed","_customer_tiered_pricing_fixed_rules":[],"_shop_manager_tiered_pricing_type":"fixed","_shop_manager_tiered_pricing_fixed_rules":[],"_links":{"self":[{"href":"https:\/\/ecopapertube.com\/fr\/wp-json\/wp\/v2\/product\/3667","targetHints":{"allow":["GET"]}}],"collection":[{"href":"https:\/\/ecopapertube.com\/fr\/wp-json\/wp\/v2\/product"}],"about":[{"href":"https:\/\/ecopapertube.com\/fr\/wp-json\/wp\/v2\/types\/product"}],"replies":[{"embeddable":true,"href":"https:\/\/ecopapertube.com\/fr\/wp-json\/wp\/v2\/comments?post=3667"}],"wp:featuredmedia":[{"embeddable":true,"href":"https:\/\/ecopapertube.com\/fr\/wp-json\/wp\/v2\/media\/3668"}],"wp:attachment":[{"href":"https:\/\/ecopapertube.com\/fr\/wp-json\/wp\/v2\/media?parent=3667"}],"wp:term":[{"taxonomy":"product_brand","embeddable":true,"href":"https:\/\/ecopapertube.com\/fr\/wp-json\/wp\/v2\/product_brand?post=3667"},{"taxonomy":"product_cat","embeddable":true,"href":"https:\/\/ecopapertube.com\/fr\/wp-json\/wp\/v2\/product_cat?post=3667"},{"taxonomy":"product_tag","embeddable":true,"href":"https:\/\/ecopapertube.com\/fr\/wp-json\/wp\/v2\/product_tag?post=3667"}],"curies":[{"name":"wp","href":"https:\/\/api.w.org\/{rel}","templated":true}]}}