{"id":3727,"date":"2023-12-27T22:46:59","date_gmt":"2023-12-27T14:46:59","guid":{"rendered":"https:\/\/ecopapertube.com\/?post_type=product&#038;p=3727"},"modified":"2025-02-14T22:21:28","modified_gmt":"2025-02-14T14:21:28","slug":"0-3-ounce-8-5-g-paper-lip-balm-tubes-white","status":"publish","type":"product","link":"https:\/\/ecopapertube.com\/fr\/product\/03-ounce-85-g-paper-lip-balm-tubes-white\/","title":{"rendered":"Tubes de baume \u00e0 l\u00e8vres en papier de 0,3 once \/ 8,5 g - Blanc"},"content":{"rendered":"<p><strong>Dimensions ext\u00e9rieures<\/strong><\/p>\n<ul>\n<li>21mm \/ 0.83\u2033 - diam\u00e8tre ext\u00e9rieur<\/li>\n<li>70mm \/ 2.75\u2033 - hauteur ext\u00e9rieure totale<\/li>\n<li>20mm \/ 0.78\u2033 - hauteur ext\u00e9rieure du couvercle<\/li>\n<li>50mm \/ 1.97\u2033 - hauteur de la base ext\u00e9rieure (du bas du tube \u00e0 la ligne du couvercle)<\/li>\n<li>66mm \/ 2.6\u2033 - circonf\u00e9rence<\/li>\n<\/ul>\n<p><strong>Dimensions int\u00e9rieures<\/strong><\/p>\n<ul>\n<li>17mm \/ 0.67\u2033 - diam\u00e8tre int\u00e9rieur<\/li>\n<li>60mm \/ 2.36\u2033 - hauteur int\u00e9rieure<\/li>\n<li>0,3 once \/ 8,5 g volume int\u00e9rieur<\/li>\n<\/ul>\n<p><strong>Doublure :<\/strong> Barri\u00e8re anti-graisse sans plastique compostable \u00e0 l'int\u00e9rieur du tube<\/p>","protected":false},"excerpt":{"rendered":"<p>Outer dimensions 21mm \/ 0.83&#8243; &#8211; outer diameter 70mm \/ 2.75&#8243; &#8211; total outer height 20mm \/ 0.78&#8243; &#8211; outer lid height 50mm \/ 1.97&#8243; &#8211; outer base height (from bottom of tube to lid line) 66mm \/ 2.6&#8243; &#8211; circumference Inner Dimensions 17mm \/ 0.67&#8243; &#8211; inner diameter 60mm \/ 2.36&#8243; &#8211; inner height [&hellip;]<\/p>\n","protected":false},"featured_media":957,"comment_status":"closed","ping_status":"closed","template":"","meta":{"_acf_changed":false},"product_brand":[],"product_cat":[101,79,110],"product_tag":[159,155,156,158,157],"class_list":{"0":"post-3727","1":"product","2":"type-product","3":"status-publish","4":"has-post-thumbnail","6":"product_cat-wholesale-paper-lip-balm-tubes","7":"product_cat-wholesale-paper-push-up-tubes","8":"product_cat-white-paper-tubes","9":"product_tag-durable","10":"product_tag-recycle","11":"product_tag-reusable","12":"product_tag-soy-based-inks","13":"product_tag-speedy-production","15":"first","16":"instock","17":"shipping-taxable","18":"purchasable","19":"product-type-simple"},"acf":[],"tiered_pricing_type":"fixed","tiered_pricing_fixed_rules":{"100":"1.15","500":"0.98","1000":"0.64"},"tiered_pricing_percentage_rules":[],"tiered_pricing_minimum":1,"_administrator_tiered_pricing_type":"fixed","_administrator_tiered_pricing_fixed_rules":[],"_editor_tiered_pricing_type":"fixed","_editor_tiered_pricing_fixed_rules":[],"_author_tiered_pricing_type":"fixed","_author_tiered_pricing_fixed_rules":[],"_contributor_tiered_pricing_type":"fixed","_contributor_tiered_pricing_fixed_rules":[],"_subscriber_tiered_pricing_type":"fixed","_subscriber_tiered_pricing_fixed_rules":[],"_customer_tiered_pricing_type":"fixed","_customer_tiered_pricing_fixed_rules":[],"_shop_manager_tiered_pricing_type":"fixed","_shop_manager_tiered_pricing_fixed_rules":[],"_links":{"self":[{"href":"https:\/\/ecopapertube.com\/fr\/wp-json\/wp\/v2\/product\/3727","targetHints":{"allow":["GET"]}}],"collection":[{"href":"https:\/\/ecopapertube.com\/fr\/wp-json\/wp\/v2\/product"}],"about":[{"href":"https:\/\/ecopapertube.com\/fr\/wp-json\/wp\/v2\/types\/product"}],"replies":[{"embeddable":true,"href":"https:\/\/ecopapertube.com\/fr\/wp-json\/wp\/v2\/comments?post=3727"}],"wp:featuredmedia":[{"embeddable":true,"href":"https:\/\/ecopapertube.com\/fr\/wp-json\/wp\/v2\/media\/957"}],"wp:attachment":[{"href":"https:\/\/ecopapertube.com\/fr\/wp-json\/wp\/v2\/media?parent=3727"}],"wp:term":[{"taxonomy":"product_brand","embeddable":true,"href":"https:\/\/ecopapertube.com\/fr\/wp-json\/wp\/v2\/product_brand?post=3727"},{"taxonomy":"product_cat","embeddable":true,"href":"https:\/\/ecopapertube.com\/fr\/wp-json\/wp\/v2\/product_cat?post=3727"},{"taxonomy":"product_tag","embeddable":true,"href":"https:\/\/ecopapertube.com\/fr\/wp-json\/wp\/v2\/product_tag?post=3727"}],"curies":[{"name":"wp","href":"https:\/\/api.w.org\/{rel}","templated":true}]}}