{"id":771,"date":"2022-12-29T22:30:43","date_gmt":"2022-12-29T14:30:43","guid":{"rendered":"https:\/\/www.ecopapertube.com\/?post_type=product&#038;p=771"},"modified":"2023-12-27T22:54:36","modified_gmt":"2023-12-27T14:54:36","slug":"0-3-ounce-push-up-paper-tube-kraft","status":"publish","type":"product","link":"https:\/\/ecopapertube.com\/fr\/product\/0-3-ounce-push-up-paper-tube-kraft\/","title":{"rendered":"Tubes de baume \u00e0 l\u00e8vres en papier de 0,3 once \/ 8,5 g - Kraft"},"content":{"rendered":"<p>Fabriqu\u00e9s avec plusieurs couches de carton, nos tubes de baume \u00e0 l\u00e8vres en papier de 8,5 g (0,3 oz) offrent une protection fiable des baumes \u00e0 l\u00e8vres qu'ils contiennent.<\/p>\n<p>Ils constituent une excellente option pour vos baumes \u00e0 l\u00e8vres biologiques.<\/p>\n<p>Elle est b\u00e9n\u00e9fique pour \u00e9tablir votre image de marque.<\/p>","protected":false},"excerpt":{"rendered":"<p>Dites adieu aux tubes en plastique et optez pour notre tube de baume \u00e0 l\u00e8vres push-up en papier kraft, respectueux de l'environnement.<\/p>","protected":false},"featured_media":880,"comment_status":"closed","ping_status":"closed","template":"","meta":{"_acf_changed":false},"product_brand":[],"product_cat":[109,101,79],"product_tag":[159,155,156,158,157],"class_list":{"0":"post-771","1":"product","2":"type-product","3":"status-publish","4":"has-post-thumbnail","6":"product_cat-kraft-paper-tubes","7":"product_cat-wholesale-paper-lip-balm-tubes","8":"product_cat-wholesale-paper-push-up-tubes","9":"product_tag-durable","10":"product_tag-recycle","11":"product_tag-reusable","12":"product_tag-soy-based-inks","13":"product_tag-speedy-production","15":"first","16":"instock","17":"shipping-taxable","18":"purchasable","19":"product-type-simple"},"acf":[],"tiered_pricing_type":"fixed","tiered_pricing_fixed_rules":{"100":"1.07","500":"0.93","1000":"0.62"},"tiered_pricing_percentage_rules":[],"tiered_pricing_minimum":1,"_administrator_tiered_pricing_type":"fixed","_administrator_tiered_pricing_fixed_rules":[],"_editor_tiered_pricing_type":"fixed","_editor_tiered_pricing_fixed_rules":[],"_author_tiered_pricing_type":"fixed","_author_tiered_pricing_fixed_rules":[],"_contributor_tiered_pricing_type":"fixed","_contributor_tiered_pricing_fixed_rules":[],"_subscriber_tiered_pricing_type":"fixed","_subscriber_tiered_pricing_fixed_rules":[],"_customer_tiered_pricing_type":"fixed","_customer_tiered_pricing_fixed_rules":[],"_shop_manager_tiered_pricing_type":"fixed","_shop_manager_tiered_pricing_fixed_rules":[],"_links":{"self":[{"href":"https:\/\/ecopapertube.com\/fr\/wp-json\/wp\/v2\/product\/771","targetHints":{"allow":["GET"]}}],"collection":[{"href":"https:\/\/ecopapertube.com\/fr\/wp-json\/wp\/v2\/product"}],"about":[{"href":"https:\/\/ecopapertube.com\/fr\/wp-json\/wp\/v2\/types\/product"}],"replies":[{"embeddable":true,"href":"https:\/\/ecopapertube.com\/fr\/wp-json\/wp\/v2\/comments?post=771"}],"wp:featuredmedia":[{"embeddable":true,"href":"https:\/\/ecopapertube.com\/fr\/wp-json\/wp\/v2\/media\/880"}],"wp:attachment":[{"href":"https:\/\/ecopapertube.com\/fr\/wp-json\/wp\/v2\/media?parent=771"}],"wp:term":[{"taxonomy":"product_brand","embeddable":true,"href":"https:\/\/ecopapertube.com\/fr\/wp-json\/wp\/v2\/product_brand?post=771"},{"taxonomy":"product_cat","embeddable":true,"href":"https:\/\/ecopapertube.com\/fr\/wp-json\/wp\/v2\/product_cat?post=771"},{"taxonomy":"product_tag","embeddable":true,"href":"https:\/\/ecopapertube.com\/fr\/wp-json\/wp\/v2\/product_tag?post=771"}],"curies":[{"name":"wp","href":"https:\/\/api.w.org\/{rel}","templated":true}]}}