{"id":3038,"date":"2023-12-02T16:36:00","date_gmt":"2023-12-02T08:36:00","guid":{"rendered":"https:\/\/ecopapertube.com\/?post_type=product&#038;p=3038"},"modified":"2023-12-10T14:24:39","modified_gmt":"2023-12-10T06:24:39","slug":"custom-printed-lipstick-paper-tube","status":"publish","type":"product","link":"https:\/\/ecopapertube.com\/pt\/product\/custom-printed-lipstick-paper-tube\/","title":{"rendered":"Tubo de papel para batom com impress\u00e3o personalizada"},"content":{"rendered":"<p>1. feito de cart\u00e3o espesso e natural, amigo do ambiente e da sa\u00fade<br \/>\n2. perfeito para batom, b\u00e1lsamo labial, perfume s\u00f3lido, cosm\u00e9ticos, amostras, lo\u00e7\u00e3o, desodorizante, pequenos ornamentos ou outros artigos pequenos<br \/>\n3. o fundo pode ser empurrado para cima com um dedo, f\u00e1cil e c\u00f3modo de utilizar, sem preocupa\u00e7\u00f5es com fugas<br \/>\n4. \u00f3timo para uso di\u00e1rio ou para viagens, pode ser facilmente encaixado em seu pacote, bolsa, saco, etc. grande presente para sua fam\u00edlia ou amigos<\/p>","protected":false},"excerpt":{"rendered":"<p>1. feito de papel\u00e3o grosso, natural, sa\u00fade e meio ambiente 2. perfeito para batom, protetor labial, perfume s\u00f3lido, cosm\u00e9ticos, amostras, lo\u00e7\u00e3o, desodorante, pequenos ornamentos ou outros itens pequenos 3. o fundo pode empurrar para cima com um dedo, f\u00e1cil e conveniente de usar, n\u00e3o se preocupe com vazamento 4. \u00f3timo para uso di\u00e1rio ou para viagens, pode ser facilmente encaixado em seu pacote, bolsa, saco, etc. \u00f3timo presente para sua fam\u00edlia ou amigos<\/p>","protected":false},"featured_media":3039,"comment_status":"closed","ping_status":"closed","template":"","meta":{"_acf_changed":false},"product_brand":[],"product_cat":[160,169],"product_tag":[],"class_list":{"0":"post-3038","1":"product","2":"type-product","3":"status-publish","4":"has-post-thumbnail","6":"product_cat-custom-paper-tubes","7":"product_cat-cosmetic-packaging","9":"first","10":"instock","11":"shipping-taxable","12":"product-type-simple"},"acf":[],"tiered_pricing_type":"fixed","tiered_pricing_fixed_rules":[],"tiered_pricing_percentage_rules":[],"tiered_pricing_minimum":1,"_administrator_tiered_pricing_type":"fixed","_administrator_tiered_pricing_fixed_rules":[],"_editor_tiered_pricing_type":"fixed","_editor_tiered_pricing_fixed_rules":[],"_author_tiered_pricing_type":"fixed","_author_tiered_pricing_fixed_rules":[],"_contributor_tiered_pricing_type":"fixed","_contributor_tiered_pricing_fixed_rules":[],"_subscriber_tiered_pricing_type":"fixed","_subscriber_tiered_pricing_fixed_rules":[],"_customer_tiered_pricing_type":"fixed","_customer_tiered_pricing_fixed_rules":[],"_shop_manager_tiered_pricing_type":"fixed","_shop_manager_tiered_pricing_fixed_rules":[],"_links":{"self":[{"href":"https:\/\/ecopapertube.com\/pt\/wp-json\/wp\/v2\/product\/3038","targetHints":{"allow":["GET"]}}],"collection":[{"href":"https:\/\/ecopapertube.com\/pt\/wp-json\/wp\/v2\/product"}],"about":[{"href":"https:\/\/ecopapertube.com\/pt\/wp-json\/wp\/v2\/types\/product"}],"replies":[{"embeddable":true,"href":"https:\/\/ecopapertube.com\/pt\/wp-json\/wp\/v2\/comments?post=3038"}],"wp:featuredmedia":[{"embeddable":true,"href":"https:\/\/ecopapertube.com\/pt\/wp-json\/wp\/v2\/media\/3039"}],"wp:attachment":[{"href":"https:\/\/ecopapertube.com\/pt\/wp-json\/wp\/v2\/media?parent=3038"}],"wp:term":[{"taxonomy":"product_brand","embeddable":true,"href":"https:\/\/ecopapertube.com\/pt\/wp-json\/wp\/v2\/product_brand?post=3038"},{"taxonomy":"product_cat","embeddable":true,"href":"https:\/\/ecopapertube.com\/pt\/wp-json\/wp\/v2\/product_cat?post=3038"},{"taxonomy":"product_tag","embeddable":true,"href":"https:\/\/ecopapertube.com\/pt\/wp-json\/wp\/v2\/product_tag?post=3038"}],"curies":[{"name":"wp","href":"https:\/\/api.w.org\/{rel}","templated":true}]}}