{"id":3623,"date":"2023-12-20T16:44:15","date_gmt":"2023-12-20T08:44:15","guid":{"rendered":"https:\/\/ecopapertube.com\/?post_type=product&#038;p=3623"},"modified":"2023-12-20T16:44:15","modified_gmt":"2023-12-20T08:44:15","slug":"custom-exposed-neck-gap-tube","status":"publish","type":"product","link":"https:\/\/ecopapertube.com\/pt\/product\/custom-exposed-neck-gap-tube\/","title":{"rendered":"Tubo de abertura de pesco\u00e7o exposto personalizado"},"content":{"rendered":"<p>Diversidade e efici\u00eancia<br \/>\nOs tubos de papel personalizados s\u00e3o feitos de cart\u00e3o recicl\u00e1vel 100%, aplicados a produtos alimentares e bebidas, cuidados pessoais e cosm\u00e9ticos, sa\u00fade e casa, presentes e brinquedos e acess\u00f3rios, etc.<\/p>","protected":false},"excerpt":{"rendered":"<p>Diversidade e efici\u00eancia Os tubos de papel personalizados s\u00e3o fabricados em cart\u00e3o recicl\u00e1vel 100%, aplicados a produtos alimentares e bebidas, cuidados pessoais e cosm\u00e9ticos, sa\u00fade e casa, presentes e brinquedos e acess\u00f3rios, etc.<\/p>","protected":false},"featured_media":3624,"comment_status":"closed","ping_status":"closed","template":"","meta":{"_acf_changed":false},"product_brand":[],"product_cat":[178,174],"product_tag":[],"class_list":{"0":"post-3623","1":"product","2":"type-product","3":"status-publish","4":"has-post-thumbnail","6":"product_cat-exposed-neck-gap-tube","7":"product_cat-essential-oil-packaging","9":"first","10":"instock","11":"shipping-taxable","12":"product-type-simple"},"acf":[],"tiered_pricing_type":"fixed","tiered_pricing_fixed_rules":[],"tiered_pricing_percentage_rules":[],"tiered_pricing_minimum":1,"_administrator_tiered_pricing_type":"fixed","_administrator_tiered_pricing_fixed_rules":[],"_editor_tiered_pricing_type":"fixed","_editor_tiered_pricing_fixed_rules":[],"_author_tiered_pricing_type":"fixed","_author_tiered_pricing_fixed_rules":[],"_contributor_tiered_pricing_type":"fixed","_contributor_tiered_pricing_fixed_rules":[],"_subscriber_tiered_pricing_type":"fixed","_subscriber_tiered_pricing_fixed_rules":[],"_customer_tiered_pricing_type":"fixed","_customer_tiered_pricing_fixed_rules":[],"_shop_manager_tiered_pricing_type":"fixed","_shop_manager_tiered_pricing_fixed_rules":[],"_links":{"self":[{"href":"https:\/\/ecopapertube.com\/pt\/wp-json\/wp\/v2\/product\/3623","targetHints":{"allow":["GET"]}}],"collection":[{"href":"https:\/\/ecopapertube.com\/pt\/wp-json\/wp\/v2\/product"}],"about":[{"href":"https:\/\/ecopapertube.com\/pt\/wp-json\/wp\/v2\/types\/product"}],"replies":[{"embeddable":true,"href":"https:\/\/ecopapertube.com\/pt\/wp-json\/wp\/v2\/comments?post=3623"}],"wp:featuredmedia":[{"embeddable":true,"href":"https:\/\/ecopapertube.com\/pt\/wp-json\/wp\/v2\/media\/3624"}],"wp:attachment":[{"href":"https:\/\/ecopapertube.com\/pt\/wp-json\/wp\/v2\/media?parent=3623"}],"wp:term":[{"taxonomy":"product_brand","embeddable":true,"href":"https:\/\/ecopapertube.com\/pt\/wp-json\/wp\/v2\/product_brand?post=3623"},{"taxonomy":"product_cat","embeddable":true,"href":"https:\/\/ecopapertube.com\/pt\/wp-json\/wp\/v2\/product_cat?post=3623"},{"taxonomy":"product_tag","embeddable":true,"href":"https:\/\/ecopapertube.com\/pt\/wp-json\/wp\/v2\/product_tag?post=3623"}],"curies":[{"name":"wp","href":"https:\/\/api.w.org\/{rel}","templated":true}]}}