{"id":799,"date":"2022-12-30T14:49:36","date_gmt":"2022-12-30T06:49:36","guid":{"rendered":"https:\/\/www.ecopapertube.com\/?post_type=product&#038;p=771"},"modified":"2024-05-13T20:04:36","modified_gmt":"2024-05-13T12:04:36","slug":"1-ounce-29-g-kraft-paper-jar","status":"publish","type":"product","link":"https:\/\/ecopapertube.com\/pt\/product\/1-ounce-29-g-kraft-paper-jar\/","title":{"rendered":"Frasco de papel kraft natural de 1 on\u00e7a \/ 29 ml"},"content":{"rendered":"<p>Estes tubos de papel foram concebidos para b\u00e1lsamos labiais, desodorizantes e lo\u00e7\u00f5es.<\/p>\n<p>O nosso frasco de papel kraft natural de 1 on\u00e7a \/ 29 ml tem uma camada \u00e0 prova de \u00f3leo no interior do tubo para garantir a conten\u00e7\u00e3o segura de produtos \u00e0 base de \u00f3leo.<\/p>\n<p>\u00c9 muito utilizado na ind\u00fastria da beleza.<\/p>","protected":false},"excerpt":{"rendered":"<p>Estes tubos de papel foram concebidos para b\u00e1lsamos labiais, desodorizantes e lo\u00e7\u00f5es. O nosso frasco de papel Kraft natural de 1 on\u00e7a \/ 29 ml tem uma camada \u00e0 prova de \u00f3leo no interior do tubo para garantir a conten\u00e7\u00e3o segura de produtos \u00e0 base de \u00f3leo. \u00c9 muito utilizado na ind\u00fastria da beleza.<\/p>","protected":false},"featured_media":936,"comment_status":"closed","ping_status":"closed","template":"","meta":{"_acf_changed":false},"product_brand":[],"product_cat":[85,109],"product_tag":[],"class_list":{"0":"post-799","1":"product","2":"type-product","3":"status-publish","4":"has-post-thumbnail","6":"product_cat-wholesale-paper-jars","7":"product_cat-kraft-paper-tubes","9":"first","10":"instock","11":"shipping-taxable","12":"purchasable","13":"product-type-variable","14":"has-default-attributes"},"acf":[],"tiered_pricing_type":"fixed","tiered_pricing_fixed_rules":[],"tiered_pricing_percentage_rules":[],"tiered_pricing_minimum":1,"_administrator_tiered_pricing_type":"fixed","_administrator_tiered_pricing_fixed_rules":[],"_editor_tiered_pricing_type":"fixed","_editor_tiered_pricing_fixed_rules":[],"_author_tiered_pricing_type":"fixed","_author_tiered_pricing_fixed_rules":[],"_contributor_tiered_pricing_type":"fixed","_contributor_tiered_pricing_fixed_rules":[],"_subscriber_tiered_pricing_type":"fixed","_subscriber_tiered_pricing_fixed_rules":[],"_customer_tiered_pricing_type":"fixed","_customer_tiered_pricing_fixed_rules":[],"_shop_manager_tiered_pricing_type":"fixed","_shop_manager_tiered_pricing_fixed_rules":[],"_links":{"self":[{"href":"https:\/\/ecopapertube.com\/pt\/wp-json\/wp\/v2\/product\/799","targetHints":{"allow":["GET"]}}],"collection":[{"href":"https:\/\/ecopapertube.com\/pt\/wp-json\/wp\/v2\/product"}],"about":[{"href":"https:\/\/ecopapertube.com\/pt\/wp-json\/wp\/v2\/types\/product"}],"replies":[{"embeddable":true,"href":"https:\/\/ecopapertube.com\/pt\/wp-json\/wp\/v2\/comments?post=799"}],"wp:featuredmedia":[{"embeddable":true,"href":"https:\/\/ecopapertube.com\/pt\/wp-json\/wp\/v2\/media\/936"}],"wp:attachment":[{"href":"https:\/\/ecopapertube.com\/pt\/wp-json\/wp\/v2\/media?parent=799"}],"wp:term":[{"taxonomy":"product_brand","embeddable":true,"href":"https:\/\/ecopapertube.com\/pt\/wp-json\/wp\/v2\/product_brand?post=799"},{"taxonomy":"product_cat","embeddable":true,"href":"https:\/\/ecopapertube.com\/pt\/wp-json\/wp\/v2\/product_cat?post=799"},{"taxonomy":"product_tag","embeddable":true,"href":"https:\/\/ecopapertube.com\/pt\/wp-json\/wp\/v2\/product_tag?post=799"}],"curies":[{"name":"wp","href":"https:\/\/api.w.org\/{rel}","templated":true}]}}